{"id":317,"date":"2024-03-01T12:43:06","date_gmt":"2024-03-01T12:43:06","guid":{"rendered":"https:\/\/envothemes.com\/envo-shop\/?post_type=product&#038;p=317"},"modified":"2024-07-19T07:41:26","modified_gmt":"2024-07-19T10:41:26","slug":"black-trousers","status":"publish","type":"product","link":"https:\/\/nandotecno.com\/?product=black-trousers","title":{"rendered":"Rel\u00f3gio Smartwatch W28 Pro S\u00e9rie 8 C\/ Nfc Masculino e Feminino"},"content":{"rendered":"<h2 class=\"ui-pdp-description__title\">Descri\u00e7\u00e3o<\/h2>\n<p class=\"ui-pdp-description__content\">A Sa\u00fadeShoppTeles tem a miss\u00e3o de garantir a satisfa\u00e7\u00e3o total do seu cliente, tanto nos produtos quanto no atendimento. Assim estabelecendo uma rela\u00e7\u00e3o de confian\u00e7a!<\/p>\n<p>*** ATEN\u00c7\u00c3O ***<br \/>\n&#8211; Todos os nossos produtos possuem GARANTIA e NOTA FISCAL;<\/p>\n<p>&#8211; Melhor Custo Benef\u00edcios do Mercado;<\/p>\n<p>&#8211; Produtos Originais.<\/p>\n<p>BENEF\u00cdCIOS:<br \/>\n&#8211; Fa\u00e7a e receba chamadas utilizando o pr\u00f3prio Smartwatch.<br \/>\n&#8211; Mensagens e notifica\u00e7\u00f5es: recebidas em todas as redes sociais como Whatsapp, Instagram e SMS.<\/p>\n<p>&#8211; O dispositivo permite que o cliente fa\u00e7a medi\u00e7\u00f5es r\u00e1pidas e mostra o resultado em poucos segundos na pr\u00f3pria tela.<\/p>\n<p>&#8211; Modo esportes ao ar livre: corrida, ciclismo, montanhismo, caminhada.<br \/>\n&#8211; Modo atividades internas: esteira, ciclismo indoor, flex\u00f5es e movimentos livres.<br \/>\n&#8211; Clima: veja o clima da sua regi\u00e3o.<br \/>\n&#8211; Dados: registro e dist\u00e2ncia percorrida<br \/>\n&#8211; Agenda telef\u00f4nica.<br \/>\n&#8211; Registro de chamadas.<br \/>\n&#8211; Cron\u00f4metro.<\/p>\n<p>&#8211; Music Player: essa fun\u00e7\u00e3o permite que o usu\u00e1rio consiga controlar as m\u00fasicas que est\u00e3o tocando no celular apenas selecionando comandos pelo pr\u00f3prio Smartwatch, utilizando as fun\u00e7\u00f5es passar, voltar, pausar ou dar play e at\u00e9 mesmo aumentar ou reduzir o som.<br \/>\n&#8211; Capa Criativa: permite incluir fotos ou imagens da galeria de seu celular na capa do rel\u00f3gio, deixando seu Smartwatch com a sua cara, MActivePro (mais de 500 mostradores de rel\u00f3gio dispon\u00edveis para download).<br \/>\n&#8211; Idiomas suportados: portugu\u00eas, ingl\u00eas, espanhol, japon\u00eas, franc\u00eas, italiano, alem\u00e3o, chin\u00eas, russo,<br \/>\n&#8211; Calculadora, cron\u00f4metro e contagem regressiva.<br \/>\n&#8211; C\u00e2mera remota: tire lindas selfies com a fun\u00e7\u00e3o de c\u00e2mera remota.<br \/>\n&#8211; Contador de passos (mede a quantidade de passos, dist\u00e2ncia percorrida e calorias queimadas).<br \/>\n&#8211; Lembrete Sedentarismo \u2013 possibilita incluir alarmes em hor\u00e1rios pr\u00e9-determinados pelo usu\u00e1rio para lembrar de beber \u00e1gua por exemplo.<br \/>\n&#8211; Controle de luminosidade.<br \/>\n&#8211; Levante o Pulso para acender a tela de seu Smartwatch.<br \/>\n&#8211; Certifica\u00e7\u00e3o de resist\u00eancia a \u00e1gua IP67: Essa certifica\u00e7\u00e3o se refere a eventos di\u00e1rios como pequenos respingos d&#8217;\u00e1gua ou suor. Mas vale ressaltar que n\u00e3o \u00e9 apropriado para chuvas, mergulhos, banhos, e saunas por conta da press\u00e3o, profundidade e vapor que podem estragar o dispositivo.<\/p>\n<p>ESPECIFICA\u00c7\u00d5ES:<br \/>\n&#8211; Smartwatch W28 Pro<br \/>\n&#8211; Compat\u00edvel: Android \/ iOS<br \/>\n&#8211; Bateria:bateria do pol\u00edmero do \u00edon de l\u00edtio 380mah, carregador sem fio, 150 minutos \u00e0 carga completa<br \/>\n&#8211; Rede Conectividade sem fio: Bluetooth 5.0 ou superior<br \/>\n&#8211; Tela Tipo de tela: IPS Full HD com prote\u00e7\u00e3o Gorila Glass 4208*518 60Hz<br \/>\n&#8211; Tamanho da tela: 1.95 polegadas<br \/>\n&#8211; Resolu\u00e7\u00e3o da tela: 428&#215;518 pixels<br \/>\n&#8211; Idiomas suportados :Portugu\u00eas, Ingl\u00eas, Espanhol, Japon\u00eas, Franc\u00eas, Italiano,chin\u00eas.<\/p>\n<p>&#8211; Dimens\u00f5es Tamanho do produto: 45X38X10.7mm<br \/>\n&#8211; Pulseira: 45mm.<\/p>\n<p>SmartWatch 8 Pro Lan\u00e7amento 2023 Modelo W28 &#8211; PROMO\u00c7\u00c3O<\/p>\n<p>CONTE\u00daDO DA EMBALAGEM:<br \/>\n&#8211; 1 Smartwatch W28<br \/>\n&#8211; 1 Manual do Usu\u00e1rio<br \/>\n&#8211; 1 Cabo de carregamento<\/p>\n","protected":false},"excerpt":{"rendered":"<p>O Smartwatch W28 Pro \u00e9 um dispositivo revolucion\u00e1rio que permite que voc\u00ea fa\u00e7a e receba chamadas, leia mensagens de redes sociais e SMS, controle suas m\u00fasicas e tire fotos diretamente do seu pulso. Com diversas fun\u00e7\u00f5es personaliza\u00e7\u00e3o de pulseiras e capas, recursos para controlar a reprodu\u00e7\u00e3o de m\u00fasica e monitoramento da temperatura e press\u00e3o atmosf\u00e9rica e bateria de longa dura\u00e7\u00e3o, este smartwatch oferece uma experi\u00eancia completa e pr\u00e1tica para quem quer ter um smartphone completo no pulso.<\/p>\n","protected":false},"featured_media":458,"comment_status":"open","ping_status":"closed","template":"","meta":{"_joinchat":[]},"product_cat":[23,24],"product_tag":[],"_links":{"self":[{"href":"https:\/\/nandotecno.com\/index.php?rest_route=\/wp\/v2\/product\/317"}],"collection":[{"href":"https:\/\/nandotecno.com\/index.php?rest_route=\/wp\/v2\/product"}],"about":[{"href":"https:\/\/nandotecno.com\/index.php?rest_route=\/wp\/v2\/types\/product"}],"replies":[{"embeddable":true,"href":"https:\/\/nandotecno.com\/index.php?rest_route=%2Fwp%2Fv2%2Fcomments&post=317"}],"wp:featuredmedia":[{"embeddable":true,"href":"https:\/\/nandotecno.com\/index.php?rest_route=\/wp\/v2\/media\/458"}],"wp:attachment":[{"href":"https:\/\/nandotecno.com\/index.php?rest_route=%2Fwp%2Fv2%2Fmedia&parent=317"}],"wp:term":[{"taxonomy":"product_cat","embeddable":true,"href":"https:\/\/nandotecno.com\/index.php?rest_route=%2Fwp%2Fv2%2Fproduct_cat&post=317"},{"taxonomy":"product_tag","embeddable":true,"href":"https:\/\/nandotecno.com\/index.php?rest_route=%2Fwp%2Fv2%2Fproduct_tag&post=317"}],"curies":[{"name":"wp","href":"https:\/\/api.w.org\/{rel}","templated":true}]}}