{"id":319,"date":"2024-03-01T12:43:07","date_gmt":"2024-03-01T12:43:07","guid":{"rendered":"https:\/\/envothemes.com\/envo-shop\/?post_type=product&#038;p=319"},"modified":"2025-01-24T15:08:10","modified_gmt":"2025-01-24T18:08:10","slug":"black-pants","status":"publish","type":"product","link":"https:\/\/nandotecno.com\/?product=black-pants","title":{"rendered":"Smartphone Xiaomi POCO X6 5G 8GB+256GB NFC Gen 2  64MP Triple Camera"},"content":{"rendered":"<h2 class=\"sc-kpDqfm ivZCgz\" data-testid=\"product-detail-label\">Informa\u00e7\u00f5es do Produto<\/h2>\n<p><span class=\"sc-kpDqfm qhIEo\" data-testid=\"product-detail-title\">Smartphone Xiaomi POCO X6 5G 8GB+256GB NFC Snapdragon 7s Gen 2 Smartphone 120Hz FIow AMOLED 64MP Triple Camera With OIS (PRETO)<\/span><\/p>\n<div class=\"sc-fqkvVR heuZyN sc-UoxQT hxGMmj\" data-testid=\"product-detail-description\">\n<div class=\"sc-fqkvVR hlqElk sc-cVOTOZ XEjgU\" data-testid=\"rich-content-container\">\n<p><strong>Celular Xiaomi Poco X6 5G ( NFC ) 256GB 8GB RAM<\/strong><\/p>\n<p>O Xiaomi POCO X6 5G \u00e9 uma celular fant\u00e1stico com sistema Android e com caracter\u00edsticas que s\u00e3o as melhores do mercado. Possui uma tela 6.67 1220 x 2712 pixel 446 ppi AMOLED 120 Hz mais de 16 milh\u00f5es e Gorilla Glass Victus. Design elegante, bordas finas, leve e fino.<\/p>\n<p>\u00c9 um celular bastante veloz com 8 GB de mem\u00f3ria RAM e Processador 4x 2.40 GHz + 4x 1.95 GHz Snapdragon 7s Gen 2 Qualcomm SM7435-AB Adreno 710.<\/p>\n<p>Possui funcionalidades essenciais como LTE 5G para transfer\u00eancia de dados, conectividade Wi-fi, GPS, leitor de multim\u00eddia, videoconfer\u00eancia, bluetooth e r\u00e1pida navega\u00e7\u00e3o na internet. Al\u00e9m disso, possui uma mem\u00f3ria interna de 256 GB.<\/p>\n<p>O mais especial \u00e9 o conjunto de c\u00e2meras para fotos de alta resolu\u00e7\u00e3o que permitem imagens incr\u00edveis de modo cinematogr\u00e1fico. Gra\u00e7as a c\u00e2mera de 64 megapixels voc\u00ea poder\u00e1 tirar fotos dia dia ou de noite com efeitos de profundidade e gravar v\u00eddeos em 4K a 30fps.<\/p>\n<\/div>\n<p><strong>Configura\u00e7\u00e3o vers\u00e1til de c\u00e2mera tripla de 64 MP<\/strong><\/p>\n<p>A extraordin\u00e1ria combina\u00e7\u00e3o de poder de computa\u00e7\u00e3o de hardware e um c\u00e9rebro de imagem baseado em IA torna a captura de \u00f3timas fotos mais f\u00e1cil do que nunca.<\/p>\n<div class=\"sc-fqkvVR hlqElk sc-cVOTOZ XEjgU\" data-testid=\"rich-content-container\">\n<p><strong>Snapdragon\u00ae 7s gera\u00e7\u00e3o 2 &#8211; Processo de 4 nm<\/strong><\/p>\n<p>O processador octa-core Qualcomm Snapdragon\u00ae s\u00e9rie 7 \u00e9 fabricado usando um processo avan\u00e7ado de chip de 4 nm, para um salto fant\u00e1stico no desempenho.<\/p>\n<p><strong>Corning\u00ae Gorilla\u00ae Glass Victus\u00ae<\/strong><\/p>\n<p>O Corning\u00ae Gorilla\u00ae Glass incrivelmente resistente oferece melhor prote\u00e7\u00e3o para a tela. *Os dados s\u00e3o obtidos da compara\u00e7\u00e3o com o Corning\u00ae Gorilla\u00ae Glass 6 e podem variar devido \u00e0s diferentes condi\u00e7\u00f5es e ambientes de teste.<\/p>\n<p><strong>Taxa de atualiza\u00e7\u00e3o personalizada de 120 Hz* &#8211; Liberte a sua defini\u00e7\u00e3o<\/strong><\/p>\n<p>A nova taxa de atualiza\u00e7\u00e3o personaliz\u00e1vel oferece suporte a uma variedade de aplicativos de sistema e de terceiros e pode ser ajustada para atender \u00e0s suas necessidades.<\/p>\n<p>&nbsp;<\/p>\n<p>&nbsp;<\/p>\n<\/div>\n<\/div>\n","protected":false},"excerpt":{"rendered":"<div class=\"div7\"><span class=\"xm-text split_text1297 f-light\" data-key=\"ksp_1\" data-type=\"text\" data-id=\"x8l22iphiu\">Poderoso Snapdragon\u00ae 7s Gen 2<\/span><\/div>\n<div class=\"div8\"><span class=\"xm-text split_text1298 f-light\" data-key=\"ksp_2\" data-type=\"text\" data-id=\"mgpfwckgzv\">FIow AMOLED CrystalRes de 120\u00a0Hz<\/span><\/div>\n<div class=\"div9\"><span class=\"xm-text split_text1299 f-light\" data-key=\"ksp_3\" data-type=\"text\" data-id=\"55ahwuts02\">C\u00e2mera tripla de 64\u00a0MP com OIS<\/span><\/div>\n<div class=\"div10\"><span class=\"xm-text split_text1300 f-light\" data-key=\"ksp_4\" data-type=\"text\" data-id=\"xkp1x3mkze\">Carregamento turbo de 67\u00a0W<\/span><\/div>\n<div class=\"div11\"><span class=\"xm-text split_text1301 f-light\" data-key=\"ksp_5\" data-type=\"text\" data-id=\"rm55wcqfk0\">Bateria de 5100\u00a0mAh (t\u00edp.)<\/span><\/div>\n<div><\/div>\n<div>\n<div class=\"div19\"><span class=\"xm-text split_text1311 f-bold\" data-key=\"overview_2\" data-type=\"text\" data-id=\"0sg511oqwr\">Snapdragon\u00ae 7s Gen 2<\/span><\/div>\n<div class=\"div20\"><span class=\"xm-text split_text1312 f-bold\" data-key=\"overview_3\" data-type=\"text\" data-id=\"vkmeqcmlva\">Processo de 4\u00a0nm<\/span><\/div>\n<div class=\"div21\"><span class=\"xm-text split_text1313 f-light\" data-key=\"overview_4\" data-type=\"text\" data-id=\"be14r0enbl\">O processador Qualcomm Snapdragon\u00ae s\u00e9rie 7 de oito n\u00facleos \u00e9 fabricado usando um avan\u00e7ado processo de chip de 4\u00a0nm, para um salto fant\u00e1stico no desempenho.<\/span><\/div>\n<\/div>\n","protected":false},"featured_media":560,"comment_status":"open","ping_status":"closed","template":"","meta":{"_joinchat":[]},"product_cat":[23,24],"product_tag":[],"_links":{"self":[{"href":"https:\/\/nandotecno.com\/index.php?rest_route=\/wp\/v2\/product\/319"}],"collection":[{"href":"https:\/\/nandotecno.com\/index.php?rest_route=\/wp\/v2\/product"}],"about":[{"href":"https:\/\/nandotecno.com\/index.php?rest_route=\/wp\/v2\/types\/product"}],"replies":[{"embeddable":true,"href":"https:\/\/nandotecno.com\/index.php?rest_route=%2Fwp%2Fv2%2Fcomments&post=319"}],"wp:featuredmedia":[{"embeddable":true,"href":"https:\/\/nandotecno.com\/index.php?rest_route=\/wp\/v2\/media\/560"}],"wp:attachment":[{"href":"https:\/\/nandotecno.com\/index.php?rest_route=%2Fwp%2Fv2%2Fmedia&parent=319"}],"wp:term":[{"taxonomy":"product_cat","embeddable":true,"href":"https:\/\/nandotecno.com\/index.php?rest_route=%2Fwp%2Fv2%2Fproduct_cat&post=319"},{"taxonomy":"product_tag","embeddable":true,"href":"https:\/\/nandotecno.com\/index.php?rest_route=%2Fwp%2Fv2%2Fproduct_tag&post=319"}],"curies":[{"name":"wp","href":"https:\/\/api.w.org\/{rel}","templated":true}]}}