{"id":320,"date":"2024-03-01T12:43:07","date_gmt":"2024-03-01T12:43:07","guid":{"rendered":"https:\/\/envothemes.com\/envo-shop\/?post_type=product&#038;p=320"},"modified":"2025-09-27T05:01:13","modified_gmt":"2025-09-27T08:01:13","slug":"hard-top","status":"publish","type":"product","link":"https:\/\/nandotecno.com\/?product=hard-top","title":{"rendered":"Smartphone Xiaomi Poco X6 Pro 5G 8GB 256GB Snapdragon Preto"},"content":{"rendered":"<p>Processador<\/p>\n<p><span class=\"xm-text f-bold \" data-key=\"spec_5\" data-type=\"text\" data-id=\"effc52d893\">Dimensity 8300-Ultra<\/span><span class=\"xm-text f-light \" data-key=\"spec_6\" data-type=\"text\" data-id=\"0e3223a7ee\">Processo de fabrica\u00e7\u00e3o de 4\u00a0nm da TSMC<\/span><span class=\"xm-text f-light \" data-key=\"spec_7\" data-type=\"text\" data-id=\"308b50a033\">CPU: oito n\u00facleos, at\u00e9 3,35\u00a0GHz<\/span><span class=\"xm-text f-light \" data-key=\"spec_8\" data-type=\"text\" data-id=\"a5c9ae0379\">GPU: Mali-G615<\/span><\/p>\n<p>Armazenamento e RAM<\/p>\n<p><span class=\"xm-text f-bold \" data-key=\"spec_10\" data-type=\"text\" data-id=\"b68901f5aa\">8 GB + 256 GB | 12 GB + 512 GB<\/span><span class=\"xm-text f-light \" data-key=\"spec_11\" data-type=\"text\" data-id=\"0f585e5edb\">LPDDR5X + UFS 4.0<\/span><span class=\"xm-text f-light \" data-key=\"spec_12\" data-type=\"text\" data-id=\"fbde6aa90b\">Extens\u00e3o de mem\u00f3ria 3.0<\/span><span class=\"xm-text f-light \" data-key=\"spec_13\" data-type=\"text\" data-id=\"413348a49b\">*A mem\u00f3ria RAM e o armazenamento dispon\u00edveis s\u00e3o menores que a mem\u00f3ria total devido ao armazenamento do sistema operacional e do software pr\u00e9-instalados no dispositivo.<\/span><\/p>\n<p>Dimens\u00f5es<\/p>\n<p><span class=\"xm-text f-light \" data-key=\"spec_15\" data-type=\"text\" data-id=\"e30aa33e0b\">Altura: 160,45\u00a0mm<\/span><span class=\"xm-text f-light \" data-key=\"spec_16\" data-type=\"text\" data-id=\"4324f2c478\">Largura: 74,34\u00a0mm<\/span><span class=\"xm-text f-light \" data-key=\"spec_17\" data-type=\"text\" data-id=\"c9750e593e\">Espessura: 8,25\u00a0mm (pl\u00e1stico)\/8,35\u00a0mm (couro vegano)<\/span><span class=\"xm-text f-light \" data-key=\"spec_18\" data-type=\"text\" data-id=\"fdc5d72901\">Peso: 186g (pl\u00e1stico)\/190g (couro vegano)<\/span><span class=\"xm-text f-light \" data-key=\"spec_19\" data-type=\"text\" data-id=\"bed668186a\">*Dados fornecidos por laborat\u00f3rios internos. Os m\u00e9todos de medi\u00e7\u00e3o do setor podem variar, portanto, os resultados reais podem ser diferentes.<\/span><\/p>\n<p>Tela<\/p>\n<p><span class=\"xm-text f-bold \" data-key=\"spec_21\" data-type=\"text\" data-id=\"62023a1c0e\">Tela CrystalRes de 1.5K Flow DotDisplay AMOLED de 6,67 polegadas<\/span><span class=\"xm-text f-light \" data-key=\"spec_22\" data-type=\"text\" data-id=\"6325f86c00\">2712 x 1220, 446 PPI<\/span><span class=\"xm-text f-light \" data-key=\"spec_23\" data-type=\"text\" data-id=\"09007bdcc5\">Taxa de contraste: 5.000.000:1<\/span><span class=\"xm-text f-light \" data-key=\"spec_24\" data-type=\"text\" data-id=\"f031d76f85\">Gama de cores: DCI-P3 (t\u00edp.)<\/span><span class=\"xm-text f-light \" data-key=\"spec_25\" data-type=\"text\" data-id=\"02324a2365\">Brilho: 1200\u00a0nits (brilho HBM), 1800\u00a0nits (brilho m\u00e1ximo)<\/span><span class=\"xm-text f-light \" data-key=\"spec_26\" data-type=\"text\" data-id=\"39feed82bf\">HDR10+<\/span><span class=\"xm-text f-light \" data-key=\"spec_27\" data-type=\"text\" data-id=\"3eae55f9ed\">Taxa de atualiza\u00e7\u00e3o: At\u00e9 120\u00a0Hz<\/span><span class=\"xm-text f-light \" data-key=\"spec_28\" data-type=\"text\" data-id=\"2a3608863c\">Tela com AdaptiveSync<\/span><span class=\"xm-text f-light \" data-key=\"spec_29\" data-type=\"text\" data-id=\"708e396db9\">Tela True Color<\/span><span class=\"xm-text f-light \" data-key=\"spec_30\" data-type=\"text\" data-id=\"72fbd84c02\">Taxa de amostragem de toque: Taxa de amostragem de toque de 480\u00a0Hz, taxa de amostragem de toque instant\u00e2neo de 2160\u00a0Hz<\/span><span class=\"xm-text f-light \" data-key=\"spec_31\" data-type=\"text\" data-id=\"0216ba02c6\">*A taxa de amostragem de toque instant\u00e2neo de 2160\u00a0Hz \u00e9 compat\u00edvel apenas com o modo Game Turbo ativado. A fun\u00e7\u00e3o de taxa de amostragem de toque instant\u00e2neo de 2160 Hz estar\u00e1 dispon\u00edvel via OTA assim que poss\u00edvel. Os resultados reais podem variar.<\/span><span class=\"xm-text f-light \" data-key=\"spec_32\" data-type=\"text\" data-id=\"6c299468d9\">Compat\u00edvel com o modo luz do sol<\/span><span class=\"xm-text f-light \" data-key=\"spec_33\" data-type=\"text\" data-id=\"94edbb23cb\">Compat\u00edvel com o modo de leitura<\/span><span class=\"xm-text f-light \" data-key=\"spec_34\" data-type=\"text\" data-id=\"ea9a17377c\">Compat\u00edvel com o modo de ciclo<\/span><span class=\"xm-text f-light \" data-key=\"spec_35\" data-type=\"text\" data-id=\"f229905e2a\">Corning\u00ae Gorilla\u00ae Glass 5.<\/span><\/p>\n<p>C\u00e2mera traseira<\/p>\n<p><span class=\"xm-text f-bold \" data-key=\"spec_37\" data-type=\"text\" data-id=\"79ad7dda43\">C\u00e2mera tripla de 64\u00a0MP+8\u00a0MP+2\u00a0MP<\/span><span class=\"xm-text f-bold \" data-key=\"spec_38\" data-type=\"text\" data-id=\"16b58c245c\">C\u00e2mera principal de 64\u00a0MP <\/span><span class=\"xm-text f-light \" data-key=\"spec_39\" data-type=\"text\" data-id=\"01c18fdafe\">Pixel grande de 1,4\u00a0\u03bcm (4 em 1)<\/span><span class=\"xm-text f-light \" data-key=\"spec_40\" data-type=\"text\" data-id=\"79f8387d3e\">f\/1,7<\/span><span class=\"xm-text f-bold \" data-key=\"spec_41\" data-type=\"text\" data-id=\"979a986eb1\">C\u00e2mera ultra-angular de 8\u00a0MP<\/span><span class=\"xm-text f-light \" data-key=\"spec_42\" data-type=\"text\" data-id=\"cc7d96c3e3\">FOV de 120\u00b0<\/span><span class=\"xm-text f-light \" data-key=\"spec_43\" data-type=\"text\" data-id=\"517a0619a3\">f\/2,2<\/span><span class=\"xm-text f-bold \" data-key=\"spec_44\" data-type=\"text\" data-id=\"e7cfe910f1\">C\u00e2mera macro de 2\u00a0MP<\/span><span class=\"xm-text f-light \" data-key=\"spec_45\" data-type=\"text\" data-id=\"2e7c1cddb2\">f\/2,4<\/span><span class=\"xm-text f-bold \" data-key=\"spec_46\" data-type=\"text\" data-id=\"5b4f7b5220\">Recursos de v\u00eddeo da c\u00e2mera traseira<\/span><span class=\"xm-text f-light \" data-key=\"spec_47\" data-type=\"text\" data-id=\"08d3c3c0f3\">C\u00e2mera lenta<\/span><span class=\"xm-text f-light \" data-key=\"spec_48\" data-type=\"text\" data-id=\"b4e5b8e697\">Time-lapse<\/span><span class=\"xm-text f-bold \" data-key=\"spec_49\" data-type=\"text\" data-id=\"fcb96121fa\">Grava\u00e7\u00e3o de v\u00eddeo com a c\u00e2mera traseira<\/span><span class=\"xm-text f-light \" data-key=\"spec_50\" data-type=\"text\" data-id=\"9158f4f60d\">4K 3840 \u00d7 2160 a 24fps\/30fps<\/span><span class=\"xm-text f-light \" data-key=\"spec_51\" data-type=\"text\" data-id=\"50e44e58e3\">1.080p 1.920 \u00d7 1.080 a 30\u00a0fps\/60\u00a0fps<\/span><span class=\"xm-text f-light \" data-key=\"spec_52\" data-type=\"text\" data-id=\"1a1e1e1408\">720p 1280 \u00d7 720 a 30 fps.<\/span><\/p>\n<p>C\u00e2mera frontal<\/p>\n<p><span class=\"xm-text f-bold \" data-key=\"spec_54\" data-type=\"text\" data-id=\"4ad32f1282\">C\u00e2mera frontal de 16\u00a0MP<\/span><span class=\"xm-text f-light \" data-key=\"spec_55\" data-type=\"text\" data-id=\"50239945c8\">f\/2,4<\/span><span class=\"xm-text f-bold \" data-key=\"spec_56\" data-type=\"text\" data-id=\"2fdf4269c7\">Grava\u00e7\u00e3o de v\u00eddeo com a c\u00e2mera frontal<\/span><span class=\"xm-text f-light \" data-key=\"spec_57\" data-type=\"text\" data-id=\"98e4dc75f1\">1.080p 1.920 \u00d7 1.080 a 30\u00a0fps\/60\u00a0fps<\/span><span class=\"xm-text f-light \" data-key=\"spec_58\" data-type=\"text\" data-id=\"3af9ccaa0b\">720p 1280 \u00d7 720 a 30 fps.<\/span><\/p>\n<p>Bateria e carregamento<\/p>\n<p><span class=\"xm-text f-light \" data-key=\"spec_60\" data-type=\"text\" data-id=\"4535c816f1\">5.000 mAh (t\u00edp.)<\/span><span class=\"xm-text f-light \" data-key=\"spec_61\" data-type=\"text\" data-id=\"e2705627e0\">Carregamento turbo de 67\u00a0W<\/span><span class=\"xm-text f-light \" data-key=\"spec_62\" data-type=\"text\" data-id=\"92f3d2ac6a\">Carregador de 67\u00a0W inclu\u00eddo na embalagem<\/span><span class=\"xm-text f-light \" data-key=\"spec_63\" data-type=\"text\" data-id=\"78bb29a795\">USB-C.<\/span><\/p>\n<p>Seguran\u00e7a<\/p>\n<p><span class=\"xm-text f-light \" data-key=\"spec_65\" data-type=\"text\" data-id=\"0dc0744ecd\">Sensor de impress\u00e3o digital na tela<\/span><span class=\"xm-text f-light \" data-key=\"spec_66\" data-type=\"text\" data-id=\"5cc41b74bf\">Desbloqueio por reconhecimento facial com IA.<\/span><\/p>\n<p>NFC<\/p>\n<p><span class=\"xm-text f-light \" data-key=\"spec_68\" data-type=\"text\" data-id=\"84fcdc2107\">Sim<\/span><span class=\"xm-text f-light \" data-key=\"spec_69\" data-type=\"text\" data-id=\"8cae001ad8\">*As fun\u00e7\u00f5es podem variar em alguns mercados.<\/span><\/p>\n<p>Rede e conectividade<\/p>\n<p><span class=\"xm-text f-bold \" data-key=\"spec_71\" data-type=\"text\" data-id=\"2954302ee3\">Dual SIM, standby duplo\uff085G+5G\uff0c5G+4G\uff09<\/span><span class=\"xm-text f-bold \" data-key=\"spec_72\" data-type=\"text\" data-id=\"5cccab397f\">Bandas de rede:<\/span><span class=\"xm-text f-light \" data-key=\"spec_73\" data-type=\"text\" data-id=\"b810836d24\">Compat\u00edvel com 5G*\/4G\/3G\/2G<\/span><span class=\"xm-text f-light \" data-key=\"spec_74\" data-type=\"text\" data-id=\"8b4f1c3f8e\">5G NSA:n1\/3\/5\/7\/8\/28\/38\/40\/41\/77\/78<\/span><span class=\"xm-text f-light \" data-key=\"spec_75\" data-type=\"text\" data-id=\"2b874dc387\">5G Sub6G: n1\/2\/3\/5\/7\/8\/20\/28\/38\/40\/41\/48\/77\/78<\/span><span class=\"xm-text f-light \" data-key=\"spec_76\" data-type=\"text\" data-id=\"943b7fbe3b\">4G LTE TDD: B38\/40\/41\/48*<\/span><span class=\"xm-text f-light \" data-key=\"spec_77\" data-type=\"text\" data-id=\"cbdd5f36fa\">4G LTE FDD: B1\/2\/3\/4\/5\/7\/8\/18\/19\/20\/28\/66(NarrowBand)<\/span><span class=\"xm-text f-light \" data-key=\"spec_78\" data-type=\"text\" data-id=\"81629f5ec6\">3G WCDMA: B1\/2\/4\/5\/6\/8\/19<\/span><span class=\"xm-text f-light \" data-key=\"spec_79\" data-type=\"text\" data-id=\"34da597b1b\">2G GSM: 850\/900\/1.800\/1.900\u00a0MHz<\/span><span class=\"xm-text f-light \" data-key=\"spec_80\" data-type=\"text\" data-id=\"3e5a97ea4e\">*A conectividade 5G pode variar de acordo com a disponibilidade na regi\u00e3o e o suporte da operadora local.<\/span><span class=\"xm-text f-bold \" data-key=\"spec_81\" data-type=\"text\" data-id=\"db643f7edb\">Redes sem fio<\/span><span class=\"xm-text f-light \" data-key=\"spec_82\" data-type=\"text\" data-id=\"4d9054e4e3\">Protocolo de Wi-Fi: 802.11a\/b\/g\/n\/ac\/ax<\/span><span class=\"xm-text f-light \" data-key=\"spec_83\" data-type=\"text\" data-id=\"421d448284\">Bluetooth 5.4<\/span><\/p>\n<p>Navega\u00e7\u00e3o e posicionamento<\/p>\n<p>GPS: L1 | GLONASS: G1 | Beidou: B1I+B1C | Galileo E1 | QZSS L1<\/p>\n<p>\u00c1udio<\/p>\n<p><span class=\"xm-text f-light \" data-key=\"spec_87\" data-type=\"text\" data-id=\"544669ec9d\">Alto-falantes duplos<\/span><span class=\"xm-text f-light \" data-key=\"spec_88\" data-type=\"text\" data-id=\"7770bb9e0c\">Certifica\u00e7\u00e3o Dolby Atmos<\/span><span class=\"xm-text f-light \" data-key=\"spec_89\" data-type=\"text\" data-id=\"1430d68f65\">Certifica\u00e7\u00e3o de \u00e1udio de alta resolu\u00e7\u00e3o<\/span><span class=\"xm-text f-light \" data-key=\"spec_90\" data-type=\"text\" data-id=\"165cf82e47\">Certifica\u00e7\u00e3o de \u00e1udio sem fio de alta resolu\u00e7\u00e3o.<\/span><\/p>\n<p>V\u00eddeo<\/p>\n<p>MP4\u4e28MKV\u4e28AVI\u4e28WMV\u4e28WEBM\u4e283GP\u4e28ASF<\/p>\n<p>Resistente a respingos, \u00e1gua e poeira<\/p>\n<p><span class=\"xm-text f-light \" data-key=\"spec_94\" data-type=\"text\" data-id=\"a68aa3e6ce\">IP54<\/span><span class=\"xm-text f-light \" data-key=\"spec_95\" data-type=\"text\" data-id=\"7813ba2dc4\">*O dispositivo com IP54 foi testado para ser resistente \u00e0 poeira e respingos em condi\u00e7\u00f5es laboratoriais espec\u00edficas que n\u00e3o correspondem \u00e0s condi\u00e7\u00f5es normais de uso. A garantia n\u00e3o cobre danos causados por l\u00edquidos em condi\u00e7\u00f5es diferentes das condi\u00e7\u00f5es de teste. Para obter mais informa\u00e7\u00f5es, consulte o site oficial da POCO.<\/span><\/p>\n<p>Sensores<\/p>\n<p>Sensor de proximidade | Sensor de luz ambiente 360\u00b0 | Aceler\u00f4metro | Flicker Senor | B\u00fassola eletr\u00f4nica | IR Blaster | Girosc\u00f3pio | Motor linear de eixo X<\/p>\n<p>Sistema operacional<\/p>\n<p>Desenvolvido pela Xiaomi HyperOS<\/p>\n<p>Conte\u00fado da embalagem<\/p>\n<p><span class=\"xm-text f-light \" data-key=\"spec_101\" data-type=\"text\" data-id=\"2960f8a58d\">Telefone m\u00f3vel\/Adaptador\/Cabo USB Tipo C\/Ferramenta de eje\u00e7\u00e3o do SIM\/Capa de prote\u00e7\u00e3o\/Informa\u00e7\u00f5es de seguran\u00e7a\/Guia de in\u00edcio r\u00e1pido e Cart\u00e3o de garantia<\/span><span class=\"xm-text f-light \" data-key=\"spec_102\" data-type=\"text\" data-id=\"11373217c9\">*O conte\u00fado do pacote pode ser diferente em diferentes regi\u00f5es.<\/span><\/p>\n","protected":false},"excerpt":{"rendered":"<div class=\"div6\"><span class=\"xm-text split_text2066 f-medium mi-brand--poco\" data-key=\"slogan_1\" data-type=\"text\" data-id=\"rrvflj9932\">UMA NOVA VELOCIDADE<\/span><\/div>\n<div class=\"div7\"><span class=\"xm-text split_text2061 mi-brand--poco\" data-key=\"ksp_1\" data-type=\"text\" data-id=\"hf65ojr233\">MediaTek Dimensity 8300-Ultra top de linha<\/span><\/div>\n<div class=\"div8\"><span class=\"xm-text split_text2062\" data-key=\"ksp_2\" data-type=\"text\" data-id=\"7gvihcrqt5\">FIow AMOLED CrystalRes de 120\u00a0Hz<\/span><\/div>\n<div class=\"div9\"><span class=\"xm-text split_text2063\" data-key=\"ksp_3\" data-type=\"text\" data-id=\"f1mc0y0559\">C\u00e2mera tripla de 64\u00a0MP com OIS<\/span><\/div>\n<div class=\"div10\"><span class=\"xm-text split_text2064\" data-key=\"ksp_4\" data-type=\"text\" data-id=\"ueww3ibnnz\">Carregamento turbo de 67\u00a0W<\/span><\/div>\n<div class=\"div11\"><span class=\"xm-text split_text2065\" data-key=\"ksp_5\" data-type=\"text\" data-id=\"wyw4j5qa4w\">Bateria de 5.000 mAh (t\u00edp.)<\/span><\/div>\n<div><\/div>\n<div>\n<div class=\"div21\"><span class=\"xm-text split_text2073 f-bold\" data-key=\"overview_2\" data-type=\"text\" data-id=\"q1n16gjfns\">MediaTek Dimensity 8300-Ultra<\/span><\/div>\n<div class=\"div22\"><span class=\"xm-text split_text2074\" data-key=\"overview_3\" data-type=\"text\" data-id=\"x84bpvm4bs\">Principal processador TSMC 4nm<\/span><\/div>\n<\/div>\n<div>Espere um desempenho de pico mais forte com a arquitetura ARMv9 atualizada e a configura\u00e7\u00e3o de oito n\u00facleos de 1+3+4. A mais recente GPU Mali-G615 oferece excelentes recursos e uma experi\u00eancia de usu\u00e1rio extraordin\u00e1ria.<\/div>\n","protected":false},"featured_media":588,"comment_status":"open","ping_status":"closed","template":"","meta":{"_joinchat":[]},"product_cat":[23,28],"product_tag":[],"_links":{"self":[{"href":"https:\/\/nandotecno.com\/index.php?rest_route=\/wp\/v2\/product\/320"}],"collection":[{"href":"https:\/\/nandotecno.com\/index.php?rest_route=\/wp\/v2\/product"}],"about":[{"href":"https:\/\/nandotecno.com\/index.php?rest_route=\/wp\/v2\/types\/product"}],"replies":[{"embeddable":true,"href":"https:\/\/nandotecno.com\/index.php?rest_route=%2Fwp%2Fv2%2Fcomments&post=320"}],"wp:featuredmedia":[{"embeddable":true,"href":"https:\/\/nandotecno.com\/index.php?rest_route=\/wp\/v2\/media\/588"}],"wp:attachment":[{"href":"https:\/\/nandotecno.com\/index.php?rest_route=%2Fwp%2Fv2%2Fmedia&parent=320"}],"wp:term":[{"taxonomy":"product_cat","embeddable":true,"href":"https:\/\/nandotecno.com\/index.php?rest_route=%2Fwp%2Fv2%2Fproduct_cat&post=320"},{"taxonomy":"product_tag","embeddable":true,"href":"https:\/\/nandotecno.com\/index.php?rest_route=%2Fwp%2Fv2%2Fproduct_tag&post=320"}],"curies":[{"name":"wp","href":"https:\/\/api.w.org\/{rel}","templated":true}]}}