{"id":322,"date":"2024-03-01T12:43:07","date_gmt":"2024-03-01T12:43:07","guid":{"rendered":"https:\/\/envothemes.com\/envo-shop\/?post_type=product&#038;p=322"},"modified":"2024-11-23T16:28:50","modified_gmt":"2024-11-23T19:28:50","slug":"single-shirt","status":"publish","type":"product","link":"https:\/\/nandotecno.com\/?product=single-shirt","title":{"rendered":"Smartphone Xiaomi POCO C65 6GB+128GB Octa Core 5000mAh 6.74&#8243;  50MP NFC"},"content":{"rendered":"<p>O Poco C65 \u00e9 um smartphone\u00a0<a title=\"Ver todos os celular com Sistema Operacional Android\" href=\"https:\/\/www.tudocelular.com\/buscatelefone\/44.html\"><b>Android<\/b><\/a>\u00a0completo, que n\u00e3o tem muito a invejar aos mais avan\u00e7ados dispositivos. Surpreendente \u00e9 sua tela\u00a0<b>Touchscreen<\/b>\u00a0de\u00a0<b>6.74<\/b>\u00a0polegadas, que coloca esse Poco no topo de sua categoria. A resolu\u00e7\u00e3o tamb\u00e9m \u00e9 alta:\u00a0<b>1600&#215;720<\/b>\u00a0pixel.<\/p>\n<p>Quanto \u00e0s fun\u00e7\u00f5es, no Poco C65 realmente n\u00e3o falta nada. Come\u00e7ando pelo conectividade\u00a0<b>Wi-fi<\/b>\u00a0e\u00a0<b>GPS<\/b>. A transfer\u00eancia de dados e navega\u00e7\u00e3o web sao fornecidas pela rede\u00a0<b>UMTS<\/b>, mas n\u00e3o suporta tecnologias mais recentes, tais como\u00a0<i>HSDPA<\/i>.<\/p>\n<p>Enfatizamos a boa mem\u00f3ria interna de\u00a0<b>128 GB<\/b>\u00a0com a possibilidade de expans\u00e3o.<br \/>\nEste Poco C65 \u00e9 um produto com poucos concorrentes em termos de multim\u00eddia gra\u00e7as \u00e0 c\u00e2mera de\u00a0<b>50<\/b>\u00a0megapixels que permite ao Poco C65 tirar fotos fant\u00e1sticas com uma resolu\u00e7\u00e3o de\u00a0<b>8165&#215;6124<\/b>\u00a0pixels e gravar v\u00eddeos em alta defini\u00e7\u00e3o (<b>Full HD<\/b>) com uma resolu\u00e7\u00e3o de\u00a0<b>1920&#215;1080<\/b>\u00a0pixels. Muito fino,\u00a0<b>8.1<\/b>\u00a0mil\u00edmetros, o que torna o Poco C65 realmente interessante.<\/p>\n<ul>\n<li>Sistema Operacional<\/li>\n<\/ul>\n<p>Android 13 MIUI 14<\/p>\n<p><strong>BATERIA<\/strong><\/p>\n<p>5000 mAh<\/p>\n<p><strong>CONECTIVIDADE<\/strong><\/p>\n<p>A-GPS\/GLONASS\/BeiDou\/Galileo<\/p>\n<p>802.11 a\/b\/g\/n\/ac<\/p>\n<p><strong>C\u00c2MERA<\/strong><\/p>\n<p>Megapixel 50 Mp + 2 Mp<\/p>\n<p>Resolu\u00e7\u00e3o\u00a08165 x 6124 pixel<\/p>\n<p>O Poco C65 vem em embalagem amarela tradicional da Xiaomi. Al\u00e9m do celular, voc\u00ea recebe os seguintes acess\u00f3rios:<\/p>\n<ul>\n<li>Carregador com 10W de pot\u00eancia<\/li>\n<li>Cabo USB padr\u00e3o C<\/li>\n<li>Chavinha da gaveta do SIM Card<\/li>\n<li>Guia do usu\u00e1rio<\/li>\n<\/ul>\n<p dir=\"ltr\">O design do Poco C65 n\u00e3o chega a chamar a aten\u00e7\u00e3o e temos um visual j\u00e1 conhecido visto em outros celulares da Xiaomi. A traseira do aparelho \u00e9 feita em dois acabamentos: a maior parte \u00e9 de pl\u00e1stico fosco e pr\u00f3ximo das c\u00e2meras temos alguns blocos que abrigam o conjunto fotogr\u00e1fico, o flash e o logo gigante da fabricante.<\/p>\n<p>Pegamos o modelo na cor preta para an\u00e1lise, mas h\u00e1 vers\u00f5es claras do aparelho em tons de roxo e azul. A traseira e as laterais s\u00e3o planas com leve curvatura para uma pegada confort\u00e1vel. O pl\u00e1stico usado na moldura tem acabamento fosco com boa qualidade que deixa o celular pouco escorregadio.<\/p>\n<p>A parte frontal ainda ostenta entalhe em formato de gota, que deixa o celular com cara de modelo antigo, especialmente com suas bordas largas com a inferior com o dobro da espessura das demais. Pelo menos temos prote\u00e7\u00e3o Gorilla Glass no vidro para garantir alguma resist\u00eancia contra riscos.<\/p>\n","protected":false},"excerpt":{"rendered":"<p>O Poco C65 \u00e9 mais uma aposta da Xiaomi no segmento b\u00e1sico e tem muito em comum com o Redmi 13C, que faz parte de uma outra linha de smartphones acess\u00edveis da fabricante chinesa. Vamos conferir nesta an\u00e1lise o que o Poco tem a oferecer e se ele \u00e9 uma boa op\u00e7\u00e3o para quem busca um celular bacana pagando pouco.<\/p>\n","protected":false},"featured_media":590,"comment_status":"open","ping_status":"closed","template":"","meta":{"_joinchat":[]},"product_cat":[23,28],"product_tag":[],"_links":{"self":[{"href":"https:\/\/nandotecno.com\/index.php?rest_route=\/wp\/v2\/product\/322"}],"collection":[{"href":"https:\/\/nandotecno.com\/index.php?rest_route=\/wp\/v2\/product"}],"about":[{"href":"https:\/\/nandotecno.com\/index.php?rest_route=\/wp\/v2\/types\/product"}],"replies":[{"embeddable":true,"href":"https:\/\/nandotecno.com\/index.php?rest_route=%2Fwp%2Fv2%2Fcomments&post=322"}],"wp:featuredmedia":[{"embeddable":true,"href":"https:\/\/nandotecno.com\/index.php?rest_route=\/wp\/v2\/media\/590"}],"wp:attachment":[{"href":"https:\/\/nandotecno.com\/index.php?rest_route=%2Fwp%2Fv2%2Fmedia&parent=322"}],"wp:term":[{"taxonomy":"product_cat","embeddable":true,"href":"https:\/\/nandotecno.com\/index.php?rest_route=%2Fwp%2Fv2%2Fproduct_cat&post=322"},{"taxonomy":"product_tag","embeddable":true,"href":"https:\/\/nandotecno.com\/index.php?rest_route=%2Fwp%2Fv2%2Fproduct_tag&post=322"}],"curies":[{"name":"wp","href":"https:\/\/api.w.org\/{rel}","templated":true}]}}