{"id":324,"date":"2024-03-01T12:43:08","date_gmt":"2024-03-01T12:43:08","guid":{"rendered":"https:\/\/envothemes.com\/envo-shop\/?post_type=product&#038;p=324"},"modified":"2025-08-22T19:24:47","modified_gmt":"2025-08-22T22:24:47","slug":"bikini","status":"publish","type":"product","link":"https:\/\/nandotecno.com\/?product=bikini","title":{"rendered":"Xiaomi Redmi 13C 8\/128 GB 50MP Octa-Core 5000mAh"},"content":{"rendered":"<p><span class=\"xm-text f-bold \" data-key=\"spec_6\" data-type=\"text\" data-id=\"effc52d893\">Processador MediaTek Helio G85<\/span><span class=\"xm-text f-light \" data-key=\"spec_7\" data-type=\"text\" data-id=\"0e3223a7ee\">Processo de 12\u00a0nm, CPU de<\/span><span class=\"xm-text f-light \" data-key=\"spec_8\" data-type=\"text\" data-id=\"308b50a033\">oito n\u00facleos:<\/span><span class=\"xm-text f-light \" data-key=\"spec_9\" data-type=\"text\" data-id=\"a5c9ae0379\">Arm Cortex-A75 a 2,0\u00a0GHz<\/span><span class=\"xm-text f-light \" data-key=\"spec_10\" data-type=\"text\" data-id=\"8da19679b1\">Arm Cortex-A55 a 1,8\u00a0GHz<\/span><span class=\"xm-text f-light \" data-key=\"spec_11\" data-type=\"text\" data-id=\"57195dfc74\">GPU: Arm Mali-G52 MC2<\/span><\/p>\n<p><span class=\"xm-text f-bold \" data-key=\"spec_13\" data-type=\"text\" data-id=\"b68901f5aa\">4\u00a0GB+128\u00a0GB | 8\u00a0GB+256\u00a0GB<\/span><span class=\"xm-text f-light \" data-key=\"spec_14\" data-type=\"text\" data-id=\"0f585e5edb\">LPDDR4X + eMMC 5.1<\/span><span class=\"xm-text f-light \" data-key=\"spec_15\" data-type=\"text\" data-id=\"413348a49b\">*As configura\u00e7\u00f5es dispon\u00edveis podem diferir entre diferentes regi\u00f5es. *As mem\u00f3rias RAM e de armazenamento dispon\u00edveis s\u00e3o menores que a mem\u00f3ria total devido ao armazenamento do sistema operacional e dos softwares pr\u00e9-instalados no dispositivo.<\/span><\/p>\n<p><span class=\"xm-text f-light \" data-key=\"spec_17\" data-type=\"text\" data-id=\"e30aa33e0b\">Altura: 168 mm<\/span><span class=\"xm-text f-light \" data-key=\"spec_18\" data-type=\"text\" data-id=\"4324f2c478\">Largura: 78 mm<\/span><span class=\"xm-text f-light \" data-key=\"spec_19\" data-type=\"text\" data-id=\"c9750e593e\">Espessura: 8,09 mm<\/span><span class=\"xm-text f-light \" data-key=\"spec_20\" data-type=\"text\" data-id=\"fdc5d72901\">Peso: 192\u00a0g<\/span><span class=\"xm-text f-light \" data-key=\"spec_21\" data-type=\"text\" data-id=\"bed668186a\">Dados obtidos dos laborat\u00f3rios internos da Xiaomi. Os m\u00e9todos de medi\u00e7\u00e3o do setor podem variar, portanto, os resultados reais podem ser diferentes.<\/span><\/p>\n<p><span class=\"xm-text f-bold \" data-key=\"spec_23\" data-type=\"text\" data-id=\"62023a1c0e\">Tela Dot Drop de 6,74&#8243;<\/span><span class=\"xm-text f-light \" data-key=\"spec_24\" data-type=\"text\" data-id=\"6325f86c00\">1600&#215;720, 260 ppi<\/span><span class=\"xm-text f-light \" data-key=\"spec_25\" data-type=\"text\" data-id=\"09007bdcc5\">Brilho: 450\u00a0nits (typ), 600\u00a0nits HBM<\/span><span class=\"xm-text f-light \" data-key=\"spec_26\" data-type=\"text\" data-id=\"f031d76f85\">Taxa de atualiza\u00e7\u00e3o: At\u00e9 90\u00a0Hz<\/span><span class=\"xm-text f-light \" data-key=\"spec_27\" data-type=\"text\" data-id=\"02324a2365\">Compat\u00edvel com o Modo de leitura<\/span><span class=\"xm-text f-light \" data-key=\"spec_28\" data-type=\"text\" data-id=\"39feed82bf\">DC dimming<\/span><span class=\"xm-text f-light \" data-key=\"spec_29\" data-type=\"text\" data-id=\"3eae55f9ed\">Tela Corning\u00ae Gorilla\u00ae Glass<\/span><span class=\"xm-text f-light \" data-key=\"spec_30\" data-type=\"text\" data-id=\"2a3608863c\">Certifica\u00e7\u00e3o T\u00dcV Rheinland Low Blue Light (solu\u00e7\u00e3o de software)<\/span><span class=\"xm-text f-light \" data-key=\"spec_31\" data-type=\"text\" data-id=\"6c299468d9\">Certifica\u00e7\u00e3o T\u00dcV Rheinland Flicker-Free<\/span><span class=\"xm-text f-light \" data-key=\"spec_32\" data-type=\"text\" data-id=\"0216ba02c6\">*A taxa de atualiza\u00e7\u00e3o pode ser ajustada para at\u00e9 90\u00a0Hz para aplicativos compat\u00edveis.<\/span><\/p>\n<p>C\u00e2mera traseira<\/p>\n<p><span class=\"xm-text f-bold \" data-key=\"spec_34\" data-type=\"text\" data-id=\"79ad7dda43\">filmCamera | Modo HDR |Modo noturno | Modo retrato | Modo 50\u00a0MP | Lapso de tempo<\/span><span class=\"xm-text f-bold \" data-key=\"spec_35\" data-type=\"text\" data-id=\"16b58c245c\">C\u00e2mera principal de 50\u00a0MP<\/span><span class=\"xm-text f-light \" data-key=\"spec_36\" data-type=\"text\" data-id=\"01c18fdafe\">Lente 5P, f\/1,8<\/span><span class=\"xm-text f-bold \" data-key=\"spec_37\" data-type=\"text\" data-id=\"fcb96121fa\">C\u00e2mera macro de 2\u00a0MP<\/span><span class=\"xm-text f-light \" data-key=\"spec_38\" data-type=\"text\" data-id=\"cc7d96c3e3\">f\/2,4<\/span><span class=\"xm-text f-bold \" data-key=\"spec_39\" data-type=\"text\" data-id=\"e800562df3\">Lentes auxiliares<\/span><span class=\"xm-text f-bold \" data-key=\"spec_40\" data-type=\"text\" data-id=\"5b548ceb78\">Recursos de v\u00eddeo da c\u00e2mera traseira<\/span><span class=\"xm-text f-light \" data-key=\"spec_41\" data-type=\"text\" data-id=\"9c3b31007e\">1.080\u00a0P 1.920 x 1.080 a 30\u00a0fps<\/span><span class=\"xm-text f-light \" data-key=\"spec_42\" data-type=\"text\" data-id=\"14553a9e2c\">720\u00a0P 1.280 x 720 a 30\u00a0fps<\/span><\/p>\n<p>C\u00e2mera frontal<\/p>\n<p><span class=\"xm-text f-bold \" data-key=\"spec_44\" data-type=\"text\" data-id=\"4ad32f1282\">filmCamera | Modo HDR | Anel de luz suave | Modo retrato | Lapso de tempo<\/span><span class=\"xm-text f-bold \" data-key=\"spec_45\" data-type=\"text\" data-id=\"55d8a7db06\">C\u00e2mera frontal de 8MP<\/span><span class=\"xm-text f-light \" data-key=\"spec_46\" data-type=\"text\" data-id=\"985bdaa1cc\">f\/2,0<\/span><span class=\"xm-text f-bold \" data-key=\"spec_47\" data-type=\"text\" data-id=\"2fdf4269c7\">Grava\u00e7\u00e3o de v\u00eddeo com a c\u00e2mera frontal<\/span><span class=\"xm-text f-light \" data-key=\"spec_48\" data-type=\"text\" data-id=\"98e4dc75f1\">1.080\u00a0P 1.920 x 1.080 a 30\u00a0fps<\/span><span class=\"xm-text f-light \" data-key=\"spec_49\" data-type=\"text\" data-id=\"f345ec3ff6\">720 P 1.280 x 720 a 30 fps.<\/span><\/p>\n<p>Bateria e carregamento<\/p>\n<p><span class=\"xm-text f-light \" data-key=\"spec_51\" data-type=\"text\" data-id=\"4535c816f1\">5.000 mAh (typ)<\/span><span class=\"xm-text f-light \" data-key=\"spec_52\" data-type=\"text\" data-id=\"e2705627e0\">Compat\u00edvel com carregamento PD a 18\u00a0W<\/span><span class=\"xm-text f-light \" data-key=\"spec_53\" data-type=\"text\" data-id=\"264439ae59\">*Adaptador de energia de 10\u00a0W est\u00e1 inclu\u00eddo na caixa. Os adaptadores de energia que oferecem suporte ao carregamento de 18\u00a0W s\u00e3o vendidos separadamente. Recomenda-se o uso de adaptadores de energia de 18\u00a0W ou mais que suportem carregamento PD. <\/span><span class=\"xm-text f-light \" data-key=\"spec_54\" data-type=\"text\" data-id=\"78bb29a795\">USB Tipo-C.<\/span><\/p>\n<p>Rede e conectividade<\/p>\n<p><span class=\"xm-text f-bold \" data-key=\"spec_62\" data-type=\"text\" data-id=\"2954302ee3\">Dual SIM e microSD<\/span><span class=\"xm-text f-bold \" data-key=\"spec_63\" data-type=\"text\" data-id=\"5cccab397f\">Bandas de rede:<\/span><span class=\"xm-text f-light \" data-key=\"spec_64\" data-type=\"text\" data-id=\"b810836d24\">Compat\u00edvel com 4G\/3G\/2G<\/span><span class=\"xm-text f-light \" data-key=\"spec_65\" data-type=\"text\" data-id=\"8b4f1c3f8e\">2G: GSM: 2\/3\/5\/8<\/span><span class=\"xm-text f-light \" data-key=\"spec_66\" data-type=\"text\" data-id=\"2b874dc387\">3G: WCDMA: 1\/2\/4\/5\/6\/8\/19<\/span><span class=\"xm-text f-light \" data-key=\"spec_67\" data-type=\"text\" data-id=\"943b7fbe3b\">4G: LTE FDD: 1\/2\/3\/4\/5\/7\/8\/13\/18\/19\/26\/28\/66<\/span><span class=\"xm-text f-light \" data-key=\"spec_68\" data-type=\"text\" data-id=\"cbdd5f36fa\">4G: LTE TDD: 38\/40\/41<\/span><span class=\"xm-text f-bold \" data-key=\"spec_69\" data-type=\"text\" data-id=\"db643f7edb\">Redes sem fio<\/span><span class=\"xm-text f-light \" data-key=\"spec_70\" data-type=\"text\" data-id=\"4d9054e4e3\">Wi-Fi: 2,4\u00a0GHz | 5\u00a0GHz<\/span><span class=\"xm-text f-light \" data-key=\"spec_71\" data-type=\"text\" data-id=\"7770bb9e0c\">Bluetooth 5.3<\/span><span class=\"xm-text f-light \" data-key=\"spec_72\" data-type=\"text\" data-id=\"aab2d624fa\">Suporte a AAC\/SBC<\/span><span class=\"xm-text f-light \" data-key=\"spec_73\" data-type=\"text\" data-id=\"1a0724e120\">Compat\u00edvel com r\u00e1dio FM (com entrada para fones de ouvido)<\/span><\/p>\n<p>Sistema operacional<\/p>\n<p><span class=\"xm-text f-light \" data-key=\"spec_81\" data-type=\"text\" data-id=\"371a8bd5ea\">MIUI 14 no Android 13<\/span><span class=\"xm-text f-light \" data-key=\"spec_82\" data-type=\"text\" data-id=\"682e657d93\">*A disponibilidade de recursos, aplicativos e servi\u00e7os MIUI pode variar dependendo da vers\u00e3o do software e do modelo do telefone.<\/span><\/p>\n<p>Conte\u00fado da embalagem<\/p>\n<p><span class=\"xm-text f-light \" data-key=\"spec_84\" data-type=\"text\" data-id=\"fd36cd327f\">Telefone celular\/Adaptador\/Cabo USB tipo C\/Ferramenta de eje\u00e7\u00e3o do SIM\/Guia de in\u00edcio r\u00e1pido\/Cart\u00e3o de garantia<\/span><span class=\"xm-text f-light \" data-key=\"spec_85\" data-type=\"text\" data-id=\"2032c10eb6\">*Contents in the package may differ across different regions.<\/span><\/p>\n","protected":false},"excerpt":{"rendered":"<div class=\"div15\"><span class=\"xm-text split_text1126 f-bold\" data-key=\"ksp_3\" data-type=\"text\" data-id=\"ebic5eqfs5\">Tela suave de 6,74&#8243; com 90 Hz<\/span><\/div>\n<div class=\"div16\"><span class=\"xm-text split_text1127 f-light\" data-key=\"ksp_4\" data-type=\"text\" data-id=\"hpcossek6v\">Experi\u00eancia visual fluida e satisfat\u00f3ria.<\/span><\/div>\n<div><\/div>\n<div>\n<div class=\"div19\"><span class=\"xm-text split_text1128 f-bold\" data-key=\"ksp_5\" data-type=\"text\" data-id=\"in9nrqri12\">C\u00e2mera tripla de 50\u00a0MP com IA<\/span><\/div>\n<div class=\"div20\"><span class=\"xm-text split_text1129 f-light\" data-key=\"ksp_6\" data-type=\"text\" data-id=\"hcxc2gcxlx\">Novos e divertidos estilos de filtro com a filmCamera<\/span><\/div>\n<\/div>\n","protected":false},"featured_media":403,"comment_status":"open","ping_status":"closed","template":"","meta":{"_joinchat":[]},"product_cat":[23,28],"product_tag":[],"_links":{"self":[{"href":"https:\/\/nandotecno.com\/index.php?rest_route=\/wp\/v2\/product\/324"}],"collection":[{"href":"https:\/\/nandotecno.com\/index.php?rest_route=\/wp\/v2\/product"}],"about":[{"href":"https:\/\/nandotecno.com\/index.php?rest_route=\/wp\/v2\/types\/product"}],"replies":[{"embeddable":true,"href":"https:\/\/nandotecno.com\/index.php?rest_route=%2Fwp%2Fv2%2Fcomments&post=324"}],"wp:featuredmedia":[{"embeddable":true,"href":"https:\/\/nandotecno.com\/index.php?rest_route=\/wp\/v2\/media\/403"}],"wp:attachment":[{"href":"https:\/\/nandotecno.com\/index.php?rest_route=%2Fwp%2Fv2%2Fmedia&parent=324"}],"wp:term":[{"taxonomy":"product_cat","embeddable":true,"href":"https:\/\/nandotecno.com\/index.php?rest_route=%2Fwp%2Fv2%2Fproduct_cat&post=324"},{"taxonomy":"product_tag","embeddable":true,"href":"https:\/\/nandotecno.com\/index.php?rest_route=%2Fwp%2Fv2%2Fproduct_tag&post=324"}],"curies":[{"name":"wp","href":"https:\/\/api.w.org\/{rel}","templated":true}]}}