{"id":326,"date":"2024-03-01T12:43:08","date_gmt":"2024-03-01T12:43:08","guid":{"rendered":"https:\/\/envothemes.com\/envo-shop\/?post_type=product&#038;p=326"},"modified":"2025-09-27T06:25:35","modified_gmt":"2025-09-27T09:25:35","slug":"womens-dress","status":"publish","type":"product","link":"https:\/\/nandotecno.com\/?product=womens-dress","title":{"rendered":"Smartphone Xiaomi Redmi Note 13 5G 256GB 6.67&#8243; 120Hz 108MP 5000mAh"},"content":{"rendered":"<p>Processador<br \/>\nSnapdragon\u00ae 685Tecnologia de processamento de fabrica\u00e7\u00e3o de 6 nmCPU: CPU de oito n\u00facleos de at\u00e9 2,8 GHzGPU: Adreno 610.<\/p>\n<p>Armazenamento e RAM<br \/>\n8 GB + 256 GB * LPDDR4X + UFS 2.2Armazenamento expans\u00edvel de at\u00e9 1 TB**A mem\u00f3ria RAM e o armazenamento dispon\u00edveis s\u00e3o menores que a mem\u00f3ria total devido ao armazenamento do sistema operacional e do software pr\u00e9-instalados no dispositivo.<br \/>\n*O suporte real e a compatibilidade dos cart\u00f5es de mem\u00f3ria podem variar entre os fabricantes.<\/p>\n<p>Dimens\u00f5es<\/p>\n<p>Altura: 162,24 mmLargura: 75,55 mmEspessura: 7,97 mmPeso: 188,5 g*Dados fornecidos por laborat\u00f3rios internos. Os m\u00e9todos de medi\u00e7\u00e3o do setor podem variar; portanto,os resultados reais podem ser diferentes.<\/p>\n<p>Tela<\/p>\n<p>Tela AMOLED de 6,67&#8243;Taxa de atualiza\u00e7\u00e3o: At\u00e9 120 HzBrilho: 1800 nits (pico de brilho)Taxa de contraste: 5.000.000:1Ampla gama de cores DCI-P3 de 100%Resolu\u00e7\u00e3o: 2400 x 1080Corning\u00ae Gorilla\u00ae Glass 3Modo luz solarCertificado pela T\u00dcV Rheinland como baixa emiss\u00e3o de luz azul (solu\u00e7\u00e3o de hardware) | Certifica\u00e7\u00e3o T\u00dcV Rheinland como amig\u00e1vel ao ciclo circadiano | Certifica\u00e7\u00e3o da T\u00dcV Rheinland como livre de cintila\u00e7\u00e3o | Modo de leitura.<\/p>\n<p>C\u00e2mera traseira<\/p>\n<p>C\u00e2mera tripla de 108 MP + 8 MP + 2 MPC\u00e2mera principal de 108 MP0,64 \u03bcm e 1,92 \u03bcm 9 em 1f\/1,75C\u00e2mera ultra-angular de 8 MPf\/2,2C\u00e2mera macro de 2 MPGrava\u00e7\u00e3o de v\u00eddeo com a c\u00e2mera traseira1080 p a 30 fps720 p a 30 fps<\/p>\n<p>C\u00e2mera frontal<\/p>\n<p>C\u00e2mera frontal de 16 MPf\/2,4Grava\u00e7\u00e3o de v\u00eddeo com a c\u00e2mera frontal1080 p a 30 fps720 p a 30 fps<\/p>\n<p>Bateria e carregamento<\/p>\n<p>5.000 mAh (typ)Suporte a carregamento r\u00e1pido de 33 WCarregador r\u00e1pido de 33 W inclu\u00eddoUSB-C<\/p>\n<p>Rede e conectividade<\/p>\n<p>SIM 1 + H\u00edbrido (SIM ou microSD)Bandas de redeCompat\u00edvel com 4G\/3G\/2G2G: GSM: 850, 900, 1800, 1900 MHz3G: WCDMA: 1\/2\/4\/5\/6\/8\/194G: LTE FDD: 1\/2\/3\/4\/5\/7\/8\/12\/13\/17\/18\/19\/26\/28\/664G: LTE TDD: 38\/40\/41Redes sem fioBluetooth 5.1Protocolo de Wi-Fi: 802.11a\/b\/g\/n\/ac<\/p>\n<p>Resistente a respingos, \u00e1gua e poeira<\/p>\n<p>P54*O dispositivo com grau de prote\u00e7\u00e3o IP54 foi testado para ser resistente a respingos e poeira em condi\u00e7\u00f5es de laborat\u00f3rio espec\u00edficas com a classifica\u00e7\u00e3o IP54 de prote\u00e7\u00e3o de entrada com base nas normas IEC 60529:1989+A1:1999+A2:2013.<br \/>\n*Os recursos \u00e0 prova de respingos, \u00e0 prova d&#8217;\u00e1gua e \u00e0 prova de poeira podem ser degradados devido \u00e0 perda de uso di\u00e1rio. N\u00e3o carregue seu smartphone em local \u00famido. A vida real \u00e9 diferente do ambiente experimental. N\u00e3o mergulhe completamente o smartphone na \u00e1gua nem o exponha a solu\u00e7\u00f5es como \u00e1gua do mar e \u00e1gua clorada ou l\u00edquidos, como bebidas, durante o uso di\u00e1rio. A garantia n\u00e3o cobre os danos causados pela imers\u00e3o do seu dispositivo em l\u00edquido causada pelo usu\u00e1rio.<\/p>\n<p>Sensores<\/p>\n<p>Sensor de proximidade | Sensor de luz ambiente | Aceler\u00f4metro | B\u00fassola eletr\u00f4nica | IR Blaster | Girosc\u00f3pio<\/p>\n<p>Sistema operacional<\/p>\n<p>MIUI 14*A disponibilidade de recursos, aplicativos e servi\u00e7os MIUI pode variar dependendo da vers\u00e3o do software e do modelo do telefone.<\/p>\n<p>Conte\u00fado da embalagem<\/p>\n<p>Redmi Note 13 \/ Adaptador \/ Cabo USB Tipo C \/ Ferramenta de eje\u00e7\u00e3o de SIM \/ Capa de prote\u00e7\u00e3o \/ Guia de in\u00edcio r\u00e1pido \/ Cart\u00e3o de garantia*O conte\u00fado do pacote pode ser diferente em diferentes regi\u00f5es.<\/p>\n","protected":false},"excerpt":{"rendered":"<p>A tecnologia de zoom integrada dos sensores oferece efeitos de teleobjetiva iguais a um zoom \u00f3ptico tradicional. Capture os detalhes de paisagens distantes para criar cada vez mais possibilidades.<\/p>\n<p>Valores para pix ou boletos.<br \/>\nPagamento parcelado com cart\u00e3o de cr\u00e9dito juros da operadora do cart\u00e3o.<\/p>\n","protected":false},"featured_media":575,"comment_status":"open","ping_status":"closed","template":"","meta":{"_joinchat":[]},"product_cat":[23,28],"product_tag":[],"_links":{"self":[{"href":"https:\/\/nandotecno.com\/index.php?rest_route=\/wp\/v2\/product\/326"}],"collection":[{"href":"https:\/\/nandotecno.com\/index.php?rest_route=\/wp\/v2\/product"}],"about":[{"href":"https:\/\/nandotecno.com\/index.php?rest_route=\/wp\/v2\/types\/product"}],"replies":[{"embeddable":true,"href":"https:\/\/nandotecno.com\/index.php?rest_route=%2Fwp%2Fv2%2Fcomments&post=326"}],"wp:featuredmedia":[{"embeddable":true,"href":"https:\/\/nandotecno.com\/index.php?rest_route=\/wp\/v2\/media\/575"}],"wp:attachment":[{"href":"https:\/\/nandotecno.com\/index.php?rest_route=%2Fwp%2Fv2%2Fmedia&parent=326"}],"wp:term":[{"taxonomy":"product_cat","embeddable":true,"href":"https:\/\/nandotecno.com\/index.php?rest_route=%2Fwp%2Fv2%2Fproduct_cat&post=326"},{"taxonomy":"product_tag","embeddable":true,"href":"https:\/\/nandotecno.com\/index.php?rest_route=%2Fwp%2Fv2%2Fproduct_tag&post=326"}],"curies":[{"name":"wp","href":"https:\/\/api.w.org\/{rel}","templated":true}]}}